{"id":7672,"date":"2024-02-22T16:45:02","date_gmt":"2024-02-22T16:45:02","guid":{"rendered":"https:\/\/tvmiroir.fr\/uncategorized\/alize-salle-de-bain-27\/"},"modified":"2024-03-20T17:10:50","modified_gmt":"2024-03-20T17:10:50","slug":"alize-salle-de-bain-27","status":"publish","type":"product","link":"https:\/\/tvmiroir.fr\/en\/tv-mirrors\/alize-salle-de-bain-27\/","title":{"rendered":"&#8211; Aliz\u00e9 Salle de bain 27&#8243;"},"content":{"rendered":"<p>D\u00e9couvrez la gamme ALIZ\u00c9 de t\u00e9l\u00e9viseurs miroirs HYMAGE, parfaits pour une int\u00e9gration harmonieuse dans votre salle de bain, notamment avec le mod\u00e8le de t\u00e9l\u00e9viseur miroir 27&#8243;.<\/p>\n<p>Transformez votre espace avec un miroir \u00e9l\u00e9gant qui se m\u00e9tamorphose en \u00e9cran TV HD de 27 pouces lorsque vous le d\u00e9sirez.<\/p>\n<p>Profitez du syst\u00e8me In\/Out pour un son immersif sans c\u00e2bles visibles, sp\u00e9cialement con\u00e7u pour accompagner votre t\u00e9l\u00e9viseur miroir de 27 pouces, et de la facilit\u00e9 d&#8217;entretien avec un simple coup de chiffon.<\/p>\n<p>Les fonctionnalit\u00e9s de ce mod\u00e8le incluent un tuner HD et une connectique HDMI pour une exp\u00e9rience de visionnage optimale.<\/p>\n<p>L&#8217;installation est simplifi\u00e9e : vissez le ch\u00e2ssis au mur et ins\u00e9rez votre t\u00e9l\u00e9viseur miroir HYMAGE de 27 pouces pour une int\u00e9gration parfaite dans votre salle de bain.<\/p>\n","protected":false},"excerpt":{"rendered":"<span>\u00c9l\u00e9gance dans votre salle de bain : T\u00e9l\u00e9viseur miroir 27&#8243; \u00e9tanche, montage encastr\u00e9, son immersif.<\/span>... <a href=\"https:\/\/tvmiroir.fr\/en\/tv-mirrors\/alize-salle-de-bain-27\/\">Voir la suite<\/a>.","protected":false},"featured_media":5406,"template":"","meta":{"_acf_changed":false},"product_cat":[166,194],"product_tag":[],"class_list":{"0":"post-7672","1":"product","2":"type-product","3":"status-publish","4":"has-post-thumbnail","6":"product_cat-shop","7":"product_cat-tv-mirrors","9":"first","10":"instock","11":"shipping-taxable","12":"purchasable","13":"product-type-simple"},"acf":[],"_links":{"self":[{"href":"https:\/\/tvmiroir.fr\/en\/wp-json\/wp\/v2\/product\/7672","targetHints":{"allow":["GET"]}}],"collection":[{"href":"https:\/\/tvmiroir.fr\/en\/wp-json\/wp\/v2\/product"}],"about":[{"href":"https:\/\/tvmiroir.fr\/en\/wp-json\/wp\/v2\/types\/product"}],"wp:featuredmedia":[{"embeddable":true,"href":"https:\/\/tvmiroir.fr\/en\/wp-json\/wp\/v2\/media\/5406"}],"wp:attachment":[{"href":"https:\/\/tvmiroir.fr\/en\/wp-json\/wp\/v2\/media?parent=7672"}],"wp:term":[{"taxonomy":"product_cat","embeddable":true,"href":"https:\/\/tvmiroir.fr\/en\/wp-json\/wp\/v2\/product_cat?post=7672"},{"taxonomy":"product_tag","embeddable":true,"href":"https:\/\/tvmiroir.fr\/en\/wp-json\/wp\/v2\/product_tag?post=7672"}],"curies":[{"name":"wp","href":"https:\/\/api.w.org\/{rel}","templated":true}]}}