{"id":7609,"date":"2024-02-22T10:25:14","date_gmt":"2024-02-22T10:25:14","guid":{"rendered":"https:\/\/tvmiroir.fr\/uncategorized\/personnalisation-de-televiseur-miroir\/"},"modified":"2024-03-20T17:12:37","modified_gmt":"2024-03-20T17:12:37","slug":"personnalisation-de-televiseur-miroir","status":"publish","type":"product","link":"https:\/\/tvmiroir.fr\/en\/tv-mirrors\/personnalisation-de-televiseur-miroir\/","title":{"rendered":"Personnalisation de T\u00e9l\u00e9viseur Miroir"},"content":{"rendered":"<p><span>D\u00e9couvrez l&#8217;\u00e9l\u00e9gance et l&#8217;innovation avec notre TV miroir personnalisable.<\/span><\/p>\n<p>Transformez votre espace avec un \u00e9cran de haute qualit\u00e9 qui se fond parfaitement dans votre d\u00e9cor, gr\u00e2ce \u00e0 un choix d&#8217;encadrements vari\u00e9s.<\/p>\n<p><span>Que vous pr\u00e9f\u00e9riez l&#8217;installation en applique ou encastr\u00e9e, notre TV miroir offre polyvalence et style.<\/span><\/p>\n<p><span> Profitez d&#8217;une technologie de pointe alli\u00e9e \u00e0 un design sophistiqu\u00e9 pour une exp\u00e9rience visuelle incomparable.<\/span><\/p>\n","protected":false},"excerpt":{"rendered":"<span>Miroir TV personnalisable : Style personnalis\u00e9, encadrement au choix, installation polyvalente. Luxe et praticit\u00e9 r\u00e9unis.<\/span>... <a href=\"https:\/\/tvmiroir.fr\/en\/tv-mirrors\/personnalisation-de-televiseur-miroir\/\">Voir la suite<\/a>.","protected":false},"featured_media":7692,"template":"","meta":{"_acf_changed":false},"product_cat":[166,194],"product_tag":[],"class_list":{"0":"post-7609","1":"product","2":"type-product","3":"status-publish","4":"has-post-thumbnail","6":"product_cat-shop","7":"product_cat-tv-mirrors","9":"first","10":"instock","11":"shipping-taxable","12":"purchasable","13":"product-type-variable","14":"wvs-archive-product-wrapper"},"acf":[],"_links":{"self":[{"href":"https:\/\/tvmiroir.fr\/en\/wp-json\/wp\/v2\/product\/7609","targetHints":{"allow":["GET"]}}],"collection":[{"href":"https:\/\/tvmiroir.fr\/en\/wp-json\/wp\/v2\/product"}],"about":[{"href":"https:\/\/tvmiroir.fr\/en\/wp-json\/wp\/v2\/types\/product"}],"wp:featuredmedia":[{"embeddable":true,"href":"https:\/\/tvmiroir.fr\/en\/wp-json\/wp\/v2\/media\/7692"}],"wp:attachment":[{"href":"https:\/\/tvmiroir.fr\/en\/wp-json\/wp\/v2\/media?parent=7609"}],"wp:term":[{"taxonomy":"product_cat","embeddable":true,"href":"https:\/\/tvmiroir.fr\/en\/wp-json\/wp\/v2\/product_cat?post=7609"},{"taxonomy":"product_tag","embeddable":true,"href":"https:\/\/tvmiroir.fr\/en\/wp-json\/wp\/v2\/product_tag?post=7609"}],"curies":[{"name":"wp","href":"https:\/\/api.w.org\/{rel}","templated":true}]}}